{"id":210,"date":"2013-10-04T15:08:46","date_gmt":"2013-10-04T14:08:46","guid":{"rendered":"https:\/\/cooprabuis.nl\/stalen_buizen\/over-ons-2\/"},"modified":"2015-05-04T22:22:13","modified_gmt":"2015-05-04T21:22:13","slug":"uber-uns","status":"publish","type":"page","link":"https:\/\/cooprabuis.nl\/stalen_buizen\/de\/uber-uns\/","title":{"rendered":"\u00dcber uns"},"content":{"rendered":"<div class=\"col span_8\">\n<h2><strong>\u00dcber uns<\/strong><\/h2>\n<p>COOPRA Buis B.V. ist ihren unabh\u00e4ngigen privaten Stahlrohrh\u00e4ndler.<\/p>\n<p>Unser Team besteht aus fachkundige Mitarbeitern mit etliche Jahren erfahrung in das Nationale und Internationale Rohrgesch\u00e4ft.\u00a0<br \/>\nWir gew\u00e4hrleisten Expertise und Fachwissen in dem Bereich von Stahlrohren.<\/p>\n<p>Wir sind aufrecht interessiert in Ihren Organisation, Ihre Markt und W\u00fcnsche. Sie erz\u00e4hlen, wir h\u00f6ren. Sie fragen, wir antworten.\u00a0Sie bestellen, wir liefern.<\/p>\n<p>Kundenzufriedenheit ist das Zentrum. So funktioniert das bei Coopra Buis B.V.<\/p>\n<p>Kunden sch\u00e4tzen uns fur unsere Liefertreue , qualit\u00e4tsorientierte Versorgung, Konkurrenzf\u00e4higkeit und Flexibilit\u00e4t.<\/p>\n<p>Dank unser vielseitiges Netzwerk und guten Position bei renommierte Hersteller\u00a0 sind wir in der Lage, gegen konkurrenzf\u00e4hige Konditionen, verschiedene M\u00e4rkte aus Vorrat oder Strecke zu bedienen.<\/p>\n<p>Auf der suche nach mehr Information? Schauen Sie weiter auf unsere Website oder Sprechen Sie uns an, wir freuen uns auf Sie<\/p>\n<p>Coopra Buis B.V.<br \/>\nIhrem Spezialist in bereich Stahlrohre.<\/p>\n<\/div>\n<div class=\"col span_4 col_last\">\n<\/div><div class=\"clear\"><\/div>\n","protected":false},"excerpt":{"rendered":"","protected":false},"author":2,"featured_media":0,"parent":0,"menu_order":0,"comment_status":"closed","ping_status":"closed","template":"","meta":{"footnotes":""},"class_list":["post-210","page","type-page","status-publish","hentry"],"_links":{"self":[{"href":"https:\/\/cooprabuis.nl\/stalen_buizen\/wp-json\/wp\/v2\/pages\/210","targetHints":{"allow":["GET"]}}],"collection":[{"href":"https:\/\/cooprabuis.nl\/stalen_buizen\/wp-json\/wp\/v2\/pages"}],"about":[{"href":"https:\/\/cooprabuis.nl\/stalen_buizen\/wp-json\/wp\/v2\/types\/page"}],"author":[{"embeddable":true,"href":"https:\/\/cooprabuis.nl\/stalen_buizen\/wp-json\/wp\/v2\/users\/2"}],"replies":[{"embeddable":true,"href":"https:\/\/cooprabuis.nl\/stalen_buizen\/wp-json\/wp\/v2\/comments?post=210"}],"version-history":[{"count":0,"href":"https:\/\/cooprabuis.nl\/stalen_buizen\/wp-json\/wp\/v2\/pages\/210\/revisions"}],"wp:attachment":[{"href":"https:\/\/cooprabuis.nl\/stalen_buizen\/wp-json\/wp\/v2\/media?parent=210"}],"curies":[{"name":"wp","href":"https:\/\/api.w.org\/{rel}","templated":true}]}}